{"id":1878,"date":"2025-04-11T11:01:06","date_gmt":"2025-04-11T11:01:06","guid":{"rendered":"https:\/\/smartmembranes.dev.devlabor.io\/?page_id=1878"},"modified":"2025-12-08T08:22:05","modified_gmt":"2025-12-08T08:22:05","slug":"datenschutz","status":"publish","type":"page","link":"https:\/\/polte.dev.devlabor.io\/en\/datenschutz\/","title":{"rendered":"Data Protection"},"content":{"rendered":"<div data-elementor-type=\"wp-page\" data-elementor-id=\"1878\" class=\"elementor elementor-1878\" data-elementor-settings=\"{&quot;ha_cmc_init_switcher&quot;:&quot;no&quot;}\" data-elementor-post-type=\"page\">\n\t\t\t\t<div class=\"elementor-element elementor-element-5c6d507 e-flex e-con-boxed e-con e-parent\" data-id=\"5c6d507\" data-element_type=\"container\" data-settings=\"{&quot;background_background&quot;:&quot;classic&quot;,&quot;_ha_eqh_enable&quot;:false}\">\n\t\t\t\t\t<div class=\"e-con-inner\">\n\t\t<div class=\"elementor-element elementor-element-ac6b910 e-con-full e-flex e-con e-child\" data-id=\"ac6b910\" data-element_type=\"container\" data-settings=\"{&quot;_ha_eqh_enable&quot;:false}\">\n\t\t<div class=\"elementor-element elementor-element-3cf0742 e-con-full e-flex elementor-invisible e-con e-child\" data-id=\"3cf0742\" data-element_type=\"container\" data-settings=\"{&quot;animation&quot;:&quot;fadeInUp&quot;,&quot;_ha_eqh_enable&quot;:false}\">\n\t\t\t\t<div class=\"elementor-element elementor-element-01eafdd elementor-widget elementor-widget-heading\" data-id=\"01eafdd\" data-element_type=\"widget\" data-widget_type=\"heading.default\">\n\t\t\t\t<div class=\"elementor-widget-container\">\n\t\t\t\t\t<h1 class=\"elementor-heading-title elementor-size-default\">Data Protection<\/h1>\t\t\t\t<\/div>\n\t\t\t\t<\/div>\n\t\t\t\t<div class=\"elementor-element elementor-element-b6734b1 elementor-hidden-desktop elementor-hidden-tablet elementor-hidden-mobile elementor-widget-divider--view-line elementor-widget elementor-widget-divider\" data-id=\"b6734b1\" data-element_type=\"widget\" data-widget_type=\"divider.default\">\n\t\t\t\t<div class=\"elementor-widget-container\">\n\t\t\t\t\t\t\t<div class=\"elementor-divider\">\n\t\t\t<span class=\"elementor-divider-separator\">\n\t\t\t\t\t\t<\/span>\n\t\t<\/div>\n\t\t\t\t\t\t<\/div>\n\t\t\t\t<\/div>\n\t\t\t\t<\/div>\n\t\t\t\t<\/div>\n\t\t\t\t\t<\/div>\n\t\t\t\t<\/div>\n\t\t<div class=\"elementor-element elementor-element-d50c71f e-grid e-con-boxed e-con e-parent\" data-id=\"d50c71f\" data-element_type=\"container\" data-settings=\"{&quot;background_background&quot;:&quot;classic&quot;,&quot;_ha_eqh_enable&quot;:false}\">\n\t\t\t\t\t<div class=\"e-con-inner\">\n\t\t<div class=\"elementor-element elementor-element-6d225c1 e-con-full e-flex e-con e-child\" data-id=\"6d225c1\" data-element_type=\"container\" data-settings=\"{&quot;_ha_eqh_enable&quot;:false}\">\n\t\t\t\t<div class=\"elementor-element elementor-element-fa93b78 elementor-widget elementor-widget-text-editor\" data-id=\"fa93b78\" data-element_type=\"widget\" data-widget_type=\"text-editor.default\">\n\t\t\t\t<div class=\"elementor-widget-container\">\n\t\t\t\t\t\t\t\t\t<header class=\"section-header\"><h2>Hinweise zum Datenschutz \/ Datenschutzerkl\u00e4rung<\/h2><\/header><div class=\"section-content\"><div class=\"col-md-8\"><div class=\"image-with-caption\">\u00a0<\/div><div class=\"text-container\"><h4>Allgemein<\/h4><p>Der Schutz Ihrer personenbezogenen Daten ist uns wichtig. Mit dieser Datenschutzerkl\u00e4rung informieren wir Sie als Nutzer unserer Webseiten \u00fcber den Umfang, die Art und den Zweck der Erhebung und Verwendung Ihrer pers\u00f6nlichen Daten. Rechtsgrundlage daf\u00fcr sind die geltenden gesetzlichen Bestimmungen zum Datenschutz in der Bundesrepublik Deutschland und Europa.<\/p><h4>Verantwortliche Stelle und Datenschutzbeauftragte<\/h4><p>Die verantwortliche Stelle f\u00fcr Ihre personenbezogenen Daten ist die MIAM<sup>\u00ae<\/sup>\u00a0&#8211; Magdeburger Industriearmatur-Manufaktur GmbH, Werner-Heisenberg-Stra\u00dfe 33, D-39106 Magdeburg. Sie k\u00f6nnen sich bei allen Fragen zum Datenschutz jederzeit per E-Mail an uns wenden: info@miam-armaturen.de.<\/p><h4>Was sind personenbezogene Daten?<\/h4><p>Personenbezogene Daten sind alle Informationen und Angaben, \u00fcber die in irgendeiner Form ein Bezug zu einer nat\u00fcrlichen Person hergestellt werden kann. Dazu geh\u00f6ren z.B. Name, Anschrift und Telefonnummer, E-Mailadresse sowie auch Kundennummern oder Bankdaten.<\/p><h4>Datenerhebung beim Besuch der Webseite<\/h4><p>Sie k\u00f6nnen unsere Webseiten auch ohne Angabe pers\u00f6nlicher Daten nutzen. Wenn Sie unsere Webseiten nutzen, werden \u00fcber unsere Server keine personenbezogenen Daten protokolliert. Ihre IP-Adresse wird nicht gespeichert.<\/p><h4>Umfang, Art und Zweck der Erhebung und Verwendung personenbezogener Daten<\/h4><p>Wir erheben \u00fcber diese Webseiten nur personenbezogene Daten, die Sie uns freiwillig zur Verf\u00fcgung stellen. Bei einer Kontaktaufnahme \u00fcber das Kontaktformular ist mindestens die Angabe Ihres Nachnamens und Ihrer E-Mailadresse sowie Ihr Anliegen erforderlich. Alle weiteren Felder: Vorname, Name des Unternehmens, Ihre Position, Stra\u00dfe\/Nr., Postleitzahl, Ort und Telefonnummer sind freiwillige Angaben. Die von Ihnen bei einer Kontaktanfrage gemachten Angaben werden nur zur Bearbeitung Ihrer Anfrage und f\u00fcr den Fall von Anschlussfragen gespeichert.<\/p><h4>Nutzung von Cookies<\/h4><p>Wir verwenden auf unseren Webseiten \u201cCookies\u201c. Cookies sind kleine Dateien, die auf Ihrem Ger\u00e4t (z.B. Smartphone, Tablet, PC) abgelegt werden. Sie speichern ger\u00e4tebezogene Informationen und erm\u00f6glichen es uns beispielsweise, Benutzer unserer Webseiten bei einem erneuten Besuch wiederzuerkennen. Das erh\u00f6ht die Benutzerfreundlichkeit unserer Webseiten und dient ausschlie\u00dflich der Erfassung von statistischen Daten zur Nutzung unseres Webangebotes, um unsere Webseiten an Ihre Interessen anzupassen. Cookies enthalten keine personenbezogenen Daten. Es ist nicht bekannt, dass Cookies Programme ausf\u00fchren oder Viren auf Ger\u00e4te \u00fcbertragen.<\/p><p>Als Nutzer k\u00f6nnen Sie Einfluss auf die Nutzung von Cookies nehmen. Die meisten Browser arbeiten automatisch mit Cookies. In Ihrem Browser k\u00f6nnen Sie einstellen, ob Sie die Nutzung von Cookies zulassen, einschr\u00e4nken oder vollst\u00e4ndig unterbinden m\u00f6chten. Wir m\u00f6chten Sie jedoch darauf hinweisen, dass durch Einschr\u00e4nken oder Unterbinden von Cookies der Nutzungskomfort unserer Webseiten eingeschr\u00e4nkt wird.<\/p><p>\u00dcber die US-amerikanische Seite\u00a0<a href=\"http:\/\/www.aboutads.info\/choices\/\">http:\/\/www.aboutads.info\/choices\/<\/a>\u00a0oder die EU-Seite\u00a0<a href=\"http:\/\/www.youronlinechoices.com\/uk\/your-ad-choices\/\">http:\/\/www.youronlinechoices.com\/uk\/your-ad-choices\/<\/a>\u00a0k\u00f6nnen Sie viele Online-Anzeigen-Cookies von Unternehmen selbst verwalten.<\/p><h4>Nutzung von Matomo (Piwik)<\/h4><p>Wir verwenden auf unserer Webseite Matomo. Matomo ist ein Webanalysedienst und nutzt Cookies, die auf Ihrem Computer werden. Durch diese Cookies ist es uns m\u00f6glich, die Nutzung unserer Webseite zu analysieren. Dazu werden die vom Cookie erzeugten Nutzerinformationen an unseren Server \u00fcbermittelt und zu Analysezwecken ausgewertet. Ihre IP-Adresse wird direkt anonymisiert, so dass keine personenbezogenen Daten verarbeitet werden.\u00a0Die Installation der Cookies k\u00f6nnen Sie durch entsprechende Einstellungen in Ihrem Browser verhindern. Es ist jedoch m\u00f6glich, dass Sie dann unsere Webseite nicht vollumf\u00e4nglich nutzen k\u00f6nnen.<\/p><p>Sofern Sie nicht m\u00f6chten, dass Daten \u00fcber Ihren Besuch unserer Webseiten ausgewertet werden, k\u00f6nnen Sie dem nachfolgend widersprechen. Bitte beachten Sie, dass in diesem Fall ein sogenanntes Opt-Out-Cookie auf Ihrem Ger\u00e4t gesetzt wird. Damit erfolgt keine Datenerhebung durch Piwik. Dieses Opt-Out-Cookie wird jedoch gel\u00f6scht, wenn Sie auf Ihrem Ger\u00e4t Cookies l\u00f6schen und muss ggf. daher bei einem erneuten Besuch unserer Webseiten wieder von Ihnen aktiviert werden.<\/p><h4>Verwendung von Google Maps<\/h4><p>Wir nutzen Google Maps zur geographischen Darstellung der Anfahrtsbeschreibung in Karten. Google Maps wird von Google Inc., 1600 Amphitheatre Parkway, Mountain View, CA 94043, USA betrieben. Bei der Nutzung von Google Maps werden Informationen \u00fcber Ihre Nutzung an Google \u00fcbertragen.<\/p><p>N\u00e4here Informationen \u00fcber die Erhebung, Verarbeitung und Nutzung Ihrer Daten bei Google Maps sowie die ausf\u00fchrlichen Nutzungsbedingungen finden Sie unter\u00a0<a href=\"http:\/\/www.google.com\/intl\/de_de\/help\/terms_maps.html\">Nutzungsbedingungen f\u00fcr Google Maps<\/a>. Weitere Details und Informationen finden Sie in der\u00a0<a href=\"https:\/\/www.google.com\/intl\/de_de\/policies\/\">Google Datenschutzerkl\u00e4rung und den Nutzungsbedingungen<\/a>.<\/p><h4>Auskunft, Berichtigung, L\u00f6schung von Daten<\/h4><p>Dar\u00fcber hinaus haben Sie das Recht, eine Auskunft \u00fcber alle Ihre bei uns gespeicherten Daten zu erhalten. Das Recht beinhaltet auch die Berichtigung unrichtiger Daten sowie die L\u00f6schung bzw. Sperrung von Daten. Weitere Auskunfts-, Berichtigungs- oder L\u00f6schungsersuchen stellen Sie bitte unter Angabe Ihres vollst\u00e4ndigen Namens per Post oder E-Mail an:\u00a0MIAM<sup>\u00ae<\/sup>\u00a0&#8211; Magdeburger Industriearmatur-Manufaktur GmbH, Werner-Heisenberg-Stra\u00dfe 33, D-39106 Magdeburg oder info@miam-armaturen.de.<\/p><h4>Sicherheit<\/h4><p>Die MIAM<sup>\u00ae<\/sup>\u00a0&#8211; Magdeburger Industriearmatur-Manufaktur GmbH trifft umfangreiche Vorkehrungen, um die Sicherheit Ihrer personenbezogenen Daten zu gew\u00e4hrleisten. Ihre Daten werden gewissenhaft vor Verlust, Zerst\u00f6rung, Verf\u00e4lschung, Manipulation und unberechtigtem Zugriff oder unberechtigter Offenlegung gesch\u00fctzt. Die getroffenen Ma\u00dfnahmen werden regelm\u00e4\u00dfig \u00fcberpr\u00fcft und an den technologischen Fortschritt angepasst.<\/p><p>Bei der Nutzung der Webseiten der\u00a0MIAM<sup>\u00ae<\/sup>\u00a0&#8211; Magdeburger Industriearmatur-Manufaktur GmbH sind Ihre pers\u00f6nlichen Daten vor unberechtigtem Zugriff durch eine verschl\u00fcsselte \u00dcbertragung (TLS\/SSL) gesch\u00fctzt.<\/p><h4>Links<\/h4><p>F\u00fcr die auf unseren Webseiten enthaltenen Links zu anderen Internetangeboten und deren Inhalten sowie den Datenschutzstrategien der anderen Anbieter ist die\u00a0MIAM<sup>\u00ae<\/sup>\u00a0&#8211; Magdeburger Industriearmatur-Manufaktur GmbH nicht verantwortlich.<\/p><\/div><\/div><\/div>\t\t\t\t\t\t\t\t<\/div>\n\t\t\t\t<\/div>\n\t\t\t\t<\/div>\n\t\t\t\t\t<\/div>\n\t\t\t\t<\/div>\n\t\t\t\t<\/div>","protected":false},"excerpt":{"rendered":"<p>Datenschutz Hinweise zum Datenschutz \/ Datenschutzerkl\u00e4rung \u00a0 Allgemein Der Schutz Ihrer personenbezogenen Daten ist uns wichtig. Mit dieser Datenschutzerkl\u00e4rung informieren wir Sie als Nutzer unserer Webseiten \u00fcber den Umfang, die Art und den Zweck der Erhebung und Verwendung Ihrer pers\u00f6nlichen Daten. Rechtsgrundlage daf\u00fcr sind die geltenden gesetzlichen Bestimmungen zum Datenschutz in der Bundesrepublik Deutschland und [&hellip;]<\/p>","protected":false},"author":3,"featured_media":0,"parent":0,"menu_order":0,"comment_status":"closed","ping_status":"closed","template":"","meta":{"inline_featured_image":false,"site-sidebar-layout":"no-sidebar","site-content-layout":"page-builder","ast-site-content-layout":"","site-content-style":"default","site-sidebar-style":"default","ast-global-header-display":"","ast-banner-title-visibility":"","ast-main-header-display":"","ast-hfb-above-header-display":"","ast-hfb-below-header-display":"","ast-hfb-mobile-header-display":"","site-post-title":"disabled","ast-breadcrumbs-content":"disabled","ast-featured-img":"disabled","footer-sml-layout":"","theme-transparent-header-meta":"enabled","adv-header-id-meta":"","stick-header-meta":"","header-above-stick-meta":"","header-main-stick-meta":"","header-below-stick-meta":"","astra-migrate-meta-layouts":"default","ast-page-background-enabled":"default","ast-page-background-meta":{"desktop":{"background-color":"","background-image":"","background-repeat":"repeat","background-position":"center center","background-size":"auto","background-attachment":"scroll","background-type":"","background-media":"","overlay-type":"","overlay-color":"","overlay-opacity":"","overlay-gradient":""},"tablet":{"background-color":"","background-image":"","background-repeat":"repeat","background-position":"center center","background-size":"auto","background-attachment":"scroll","background-type":"","background-media":"","overlay-type":"","overlay-color":"","overlay-opacity":"","overlay-gradient":""},"mobile":{"background-color":"","background-image":"","background-repeat":"repeat","background-position":"center center","background-size":"auto","background-attachment":"scroll","background-type":"","background-media":"","overlay-type":"","overlay-color":"","overlay-opacity":"","overlay-gradient":""}},"ast-content-background-meta":{"desktop":{"background-color":"var(--ast-global-color-5)","background-image":"","background-repeat":"repeat","background-position":"center center","background-size":"auto","background-attachment":"scroll","background-type":"","background-media":"","overlay-type":"","overlay-color":"","overlay-opacity":"","overlay-gradient":""},"tablet":{"background-color":"var(--ast-global-color-5)","background-image":"","background-repeat":"repeat","background-position":"center center","background-size":"auto","background-attachment":"scroll","background-type":"","background-media":"","overlay-type":"","overlay-color":"","overlay-opacity":"","overlay-gradient":""},"mobile":{"background-color":"var(--ast-global-color-5)","background-image":"","background-repeat":"repeat","background-position":"center center","background-size":"auto","background-attachment":"scroll","background-type":"","background-media":"","overlay-type":"","overlay-color":"","overlay-opacity":"","overlay-gradient":""}},"footnotes":""},"class_list":["post-1878","page","type-page","status-publish","hentry"],"meta_box":[],"_links":{"self":[{"href":"https:\/\/polte.dev.devlabor.io\/en\/wp-json\/wp\/v2\/pages\/1878","targetHints":{"allow":["GET"]}}],"collection":[{"href":"https:\/\/polte.dev.devlabor.io\/en\/wp-json\/wp\/v2\/pages"}],"about":[{"href":"https:\/\/polte.dev.devlabor.io\/en\/wp-json\/wp\/v2\/types\/page"}],"author":[{"embeddable":true,"href":"https:\/\/polte.dev.devlabor.io\/en\/wp-json\/wp\/v2\/users\/3"}],"replies":[{"embeddable":true,"href":"https:\/\/polte.dev.devlabor.io\/en\/wp-json\/wp\/v2\/comments?post=1878"}],"version-history":[{"count":25,"href":"https:\/\/polte.dev.devlabor.io\/en\/wp-json\/wp\/v2\/pages\/1878\/revisions"}],"predecessor-version":[{"id":3775,"href":"https:\/\/polte.dev.devlabor.io\/en\/wp-json\/wp\/v2\/pages\/1878\/revisions\/3775"}],"wp:attachment":[{"href":"https:\/\/polte.dev.devlabor.io\/en\/wp-json\/wp\/v2\/media?parent=1878"}],"curies":[{"name":"wp","href":"https:\/\/api.w.org\/{rel}","templated":true}]}}